{"id":498,"date":"2022-05-17T08:19:50","date_gmt":"2022-05-17T08:19:50","guid":{"rendered":"https:\/\/moxiam.solvdkunder.se\/?page_id=498"},"modified":"2023-10-27T12:10:03","modified_gmt":"2023-10-27T12:10:03","slug":"under-konstruktion","status":"publish","type":"page","link":"https:\/\/moxiam.com\/nl\/under-konstruktion\/","title":{"rendered":"Under konstruktion"},"content":{"rendered":"\n\t<section class=\"section hero_section\" id=\"section_1269146758\">\n\t\t<div class=\"section-bg fill\" >\n\t\t\t\t\t\t\t\t\t\n\t\t\t\n\n\t\t<\/div>\n\n\t\t\n\n\t\t<div class=\"section-content relative\">\n\t\t\t\n\n<div class=\"row align-center\"  id=\"row-866870906\">\n\n\n\t<div id=\"col-447904818\" class=\"col medium-4 small-12 large-4\"  >\n\t\t\t\t<div class=\"col-inner\"  >\n\t\t\t\n\t\t\t\n\n\t<div class=\"img has-hover x md-x lg-x y md-y lg-y\" id=\"image_1511746268\">\n\t\t\t\t\t\t\t\t<div class=\"img-inner dark\" >\n\t\t\t\t\t\t\t\t\t\n\t\t\t\t\t<\/div>\n\t\t\t\t\t\t\t\t\n<style>\n#image_1511746268 {\n  width: 100%;\n}\n<\/style>\n\t<\/div>\n\t\n\n\n\t\t<\/div>\n\t\t\t\t\t<\/div>\n\n\t\n\n<\/div>\n<div class=\"row\"  id=\"row-40502108\">\n\n\n\t<div id=\"col-819633996\" class=\"col small-12 large-12\"  >\n\t\t\t\t<div class=\"col-inner\"  >\n\t\t\t\n\t\t\t\n\n<h1 style=\"text-align: center;\">Snabbt underh\u00e5ll p\u00e5g\u00e5r, \u00e5terkom g\u00e4rna om en liten stund.<\/h1>\n\t<div id=\"text-1564414651\" class=\"text\">\n\t\t\n\n<p>Vid akuta \u00e4renden Tel:+46 (0)63 10 40 40 E-post:&nbsp;<a href=\"mailto:info@pellevavare.se\">info [a] pellevavare.se<\/a><\/p>\n\t\t\n<style>\n#text-1564414651 {\n  text-align: center;\n}\n<\/style>\n\t<\/div>\n\t\n\n\t\t<\/div>\n\t\t\t\t\t<\/div>\n\n\t\n\n<\/div>\n\n\t\t<\/div>\n\n\t\t\n<style>\n#section_1269146758 {\n  padding-top: 30px;\n  padding-bottom: 30px;\n}\n<\/style>\n\t<\/section>\n\t","protected":false},"excerpt":{"rendered":"","protected":false},"author":1,"featured_media":0,"parent":0,"menu_order":0,"comment_status":"closed","ping_status":"closed","template":"page-blank-landingpage.php","meta":{"footnotes":""},"class_list":["post-498","page","type-page","status-publish","hentry"],"yoast_head":"<!-- This site is optimized with the Yoast SEO plugin v23.7 - https:\/\/yoast.com\/wordpress\/plugins\/seo\/ -->\n<title>Under konstruktion - Moxiam<\/title>\n<meta name=\"description\" content=\"Deze website is in ontwikkeling. Kom later nog eens terug of bezoek onze social media om meer over Moxiam te leren.\" \/>\n<meta name=\"robots\" content=\"index, follow, max-snippet:-1, max-image-preview:large, max-video-preview:-1\" \/>\n<link rel=\"canonical\" href=\"https:\/\/moxiam.com\/nl\/under-konstruktion\/\" \/>\n<meta property=\"og:locale\" content=\"nl_NL\" \/>\n<meta property=\"og:type\" content=\"article\" \/>\n<meta property=\"og:title\" content=\"Under konstruktion - Moxiam\" \/>\n<meta property=\"og:description\" content=\"Deze website is in ontwikkeling. Kom later nog eens terug of bezoek onze social media om meer over Moxiam te leren.\" \/>\n<meta property=\"og:url\" content=\"https:\/\/moxiam.com\/nl\/under-konstruktion\/\" \/>\n<meta property=\"og:site_name\" content=\"Moxiam\" \/>\n<meta property=\"article:modified_time\" content=\"2023-10-27T12:10:03+00:00\" \/>\n<meta name=\"twitter:card\" content=\"summary_large_image\" \/>\n<meta name=\"twitter:label1\" content=\"Geschatte leestijd\" \/>\n\t<meta name=\"twitter:data1\" content=\"1 minuut\" \/>\n<script type=\"application\/ld+json\" class=\"yoast-schema-graph\">{\"@context\":\"https:\/\/schema.org\",\"@graph\":[{\"@type\":\"WebPage\",\"@id\":\"https:\/\/moxiam.com\/nl\/under-konstruktion\/\",\"url\":\"https:\/\/moxiam.com\/nl\/under-konstruktion\/\",\"name\":\"Under konstruktion - Moxiam\",\"isPartOf\":{\"@id\":\"https:\/\/moxiam.com\/nl\/#website\"},\"datePublished\":\"2022-05-17T08:19:50+00:00\",\"dateModified\":\"2023-10-27T12:10:03+00:00\",\"description\":\"Deze website is in ontwikkeling. Kom later nog eens terug of bezoek onze social media om meer over Moxiam te leren.\",\"breadcrumb\":{\"@id\":\"https:\/\/moxiam.com\/nl\/under-konstruktion\/#breadcrumb\"},\"inLanguage\":\"nl-NL\",\"potentialAction\":[{\"@type\":\"ReadAction\",\"target\":[\"https:\/\/moxiam.com\/nl\/under-konstruktion\/\"]}]},{\"@type\":\"BreadcrumbList\",\"@id\":\"https:\/\/moxiam.com\/nl\/under-konstruktion\/#breadcrumb\",\"itemListElement\":[{\"@type\":\"ListItem\",\"position\":1,\"name\":\"Home\",\"item\":\"https:\/\/moxiam.com\/nl\/\"},{\"@type\":\"ListItem\",\"position\":2,\"name\":\"Under konstruktion\"}]},{\"@type\":\"WebSite\",\"@id\":\"https:\/\/moxiam.com\/nl\/#website\",\"url\":\"https:\/\/moxiam.com\/nl\/\",\"name\":\"Moxiam\",\"description\":\"Moxiam \u00e4r en app-baserad tj\u00e4nst som l\u00e4r sig r\u00f6relsem\u00f6nster f\u00f6r att skapa trygghet f\u00f6r seniorer och anh\u00f6riga. L\u00e4s mer p\u00e5 v\u00e5r hemsida.\",\"potentialAction\":[{\"@type\":\"SearchAction\",\"target\":{\"@type\":\"EntryPoint\",\"urlTemplate\":\"https:\/\/moxiam.com\/nl\/?s={search_term_string}\"},\"query-input\":{\"@type\":\"PropertyValueSpecification\",\"valueRequired\":true,\"valueName\":\"search_term_string\"}}],\"inLanguage\":\"nl-NL\"}]}<\/script>\n<!-- \/ Yoast SEO plugin. -->","yoast_head_json":{"title":"Under konstruktion - Moxiam","description":"Deze website is in ontwikkeling. Kom later nog eens terug of bezoek onze social media om meer over Moxiam te leren.","robots":{"index":"index","follow":"follow","max-snippet":"max-snippet:-1","max-image-preview":"max-image-preview:large","max-video-preview":"max-video-preview:-1"},"canonical":"https:\/\/moxiam.com\/nl\/under-konstruktion\/","og_locale":"nl_NL","og_type":"article","og_title":"Under konstruktion - Moxiam","og_description":"Deze website is in ontwikkeling. Kom later nog eens terug of bezoek onze social media om meer over Moxiam te leren.","og_url":"https:\/\/moxiam.com\/nl\/under-konstruktion\/","og_site_name":"Moxiam","article_modified_time":"2023-10-27T12:10:03+00:00","twitter_card":"summary_large_image","twitter_misc":{"Geschatte leestijd":"1 minuut"},"schema":{"@context":"https:\/\/schema.org","@graph":[{"@type":"WebPage","@id":"https:\/\/moxiam.com\/nl\/under-konstruktion\/","url":"https:\/\/moxiam.com\/nl\/under-konstruktion\/","name":"Under konstruktion - Moxiam","isPartOf":{"@id":"https:\/\/moxiam.com\/nl\/#website"},"datePublished":"2022-05-17T08:19:50+00:00","dateModified":"2023-10-27T12:10:03+00:00","description":"Deze website is in ontwikkeling. Kom later nog eens terug of bezoek onze social media om meer over Moxiam te leren.","breadcrumb":{"@id":"https:\/\/moxiam.com\/nl\/under-konstruktion\/#breadcrumb"},"inLanguage":"nl-NL","potentialAction":[{"@type":"ReadAction","target":["https:\/\/moxiam.com\/nl\/under-konstruktion\/"]}]},{"@type":"BreadcrumbList","@id":"https:\/\/moxiam.com\/nl\/under-konstruktion\/#breadcrumb","itemListElement":[{"@type":"ListItem","position":1,"name":"Home","item":"https:\/\/moxiam.com\/nl\/"},{"@type":"ListItem","position":2,"name":"Under konstruktion"}]},{"@type":"WebSite","@id":"https:\/\/moxiam.com\/nl\/#website","url":"https:\/\/moxiam.com\/nl\/","name":"Moxiam","description":"Moxiam \u00e4r en app-baserad tj\u00e4nst som l\u00e4r sig r\u00f6relsem\u00f6nster f\u00f6r att skapa trygghet f\u00f6r seniorer och anh\u00f6riga. L\u00e4s mer p\u00e5 v\u00e5r hemsida.","potentialAction":[{"@type":"SearchAction","target":{"@type":"EntryPoint","urlTemplate":"https:\/\/moxiam.com\/nl\/?s={search_term_string}"},"query-input":{"@type":"PropertyValueSpecification","valueRequired":true,"valueName":"search_term_string"}}],"inLanguage":"nl-NL"}]}},"_links":{"self":[{"href":"https:\/\/moxiam.com\/nl\/wp-json\/wp\/v2\/pages\/498"}],"collection":[{"href":"https:\/\/moxiam.com\/nl\/wp-json\/wp\/v2\/pages"}],"about":[{"href":"https:\/\/moxiam.com\/nl\/wp-json\/wp\/v2\/types\/page"}],"author":[{"embeddable":true,"href":"https:\/\/moxiam.com\/nl\/wp-json\/wp\/v2\/users\/1"}],"replies":[{"embeddable":true,"href":"https:\/\/moxiam.com\/nl\/wp-json\/wp\/v2\/comments?post=498"}],"version-history":[{"count":1,"href":"https:\/\/moxiam.com\/nl\/wp-json\/wp\/v2\/pages\/498\/revisions"}],"predecessor-version":[{"id":499,"href":"https:\/\/moxiam.com\/nl\/wp-json\/wp\/v2\/pages\/498\/revisions\/499"}],"wp:attachment":[{"href":"https:\/\/moxiam.com\/nl\/wp-json\/wp\/v2\/media?parent=498"}],"curies":[{"name":"wp","href":"https:\/\/api.w.org\/{rel}","templated":true}]}}